{"id":98,"date":"2021-06-09T11:35:29","date_gmt":"2021-06-09T11:35:29","guid":{"rendered":"https:\/\/palomaperezviola.com\/de\/?page_id=98"},"modified":"2021-06-10T11:02:15","modified_gmt":"2021-06-10T11:02:15","slug":"videos","status":"publish","type":"page","link":"https:\/\/palomaperezviola.com\/de\/videos\/","title":{"rendered":"Videos"},"content":{"rendered":"<p><iframe loading=\"lazy\" title=\"YouTube video player\" src=\"https:\/\/www.youtube.com\/embed\/vryo50wVor8\" width=\"560\" height=\"315\" frameborder=\"0\" allowfullscreen=\"allowfullscreen\"><span data-mce-type=\"bookmark\" style=\"display: inline-block; width: 0px; overflow: hidden; line-height: 0;\" class=\"mce_SELRES_start\">\ufeff<\/span><\/iframe><\/p>\n<p>Paloma P\u00e9rez L\u00f3pez . Hindemith. Sonate f\u00fcr Bratsche allein, Op. 25, N\u00ba1. 4\u00baMvt.<\/p>\n<p><iframe loading=\"lazy\" title=\"YouTube video player\" src=\"https:\/\/www.youtube.com\/embed\/xvUROVzKIrY\" width=\"560\" height=\"315\" frameborder=\"0\" allowfullscreen=\"allowfullscreen\"><\/iframe><\/p>\n<p class=\"title style-scope ytd-video-primary-info-renderer\">Paloma P\u00e9rez L\u00f3pez &#8211; Arcangelo Corelli, aus Sonata XI op. 5 (Allegro)<\/p>\n","protected":false},"excerpt":{"rendered":"<p>\ufeff Paloma P\u00e9rez L\u00f3pez . Hindemith. Sonate f\u00fcr Bratsche allein, Op. 25, N\u00ba1. 4\u00baMvt. Paloma P\u00e9rez L\u00f3pez &#8211; Arcangelo Corelli, aus Sonata XI op. 5 (Allegro)<\/p>\n","protected":false},"author":1,"featured_media":0,"parent":0,"menu_order":0,"comment_status":"closed","ping_status":"closed","template":"","meta":{"footnotes":""},"class_list":["post-98","page","type-page","status-publish","hentry"],"yoast_head":"<!-- This site is optimized with the Yoast SEO plugin v16.4 - https:\/\/yoast.com\/wordpress\/plugins\/seo\/ -->\n<title>Videos - Paloma P\u00e9rez Deutschland<\/title>\n<meta name=\"robots\" content=\"index, follow, max-snippet:-1, max-image-preview:large, max-video-preview:-1\" \/>\n<link rel=\"canonical\" href=\"https:\/\/palomaperezviola.com\/de\/videos\/\" \/>\n<meta property=\"og:locale\" content=\"es_ES\" \/>\n<meta property=\"og:type\" content=\"article\" \/>\n<meta property=\"og:title\" content=\"Videos - Paloma P\u00e9rez Deutschland\" \/>\n<meta property=\"og:description\" content=\"\ufeff Paloma P\u00e9rez L\u00f3pez . Hindemith. Sonate f\u00fcr Bratsche allein, Op. 25, N\u00ba1. 4\u00baMvt. Paloma P\u00e9rez L\u00f3pez &#8211; Arcangelo Corelli, aus Sonata XI op. 5 (Allegro)\" \/>\n<meta property=\"og:url\" content=\"https:\/\/palomaperezviola.com\/de\/videos\/\" \/>\n<meta property=\"og:site_name\" content=\"Paloma P\u00e9rez Deutschland\" \/>\n<meta property=\"article:modified_time\" content=\"2021-06-10T11:02:15+00:00\" \/>\n<meta name=\"twitter:card\" content=\"summary_large_image\" \/>\n<script type=\"application\/ld+json\" class=\"yoast-schema-graph\">{\"@context\":\"https:\/\/schema.org\",\"@graph\":[{\"@type\":\"WebSite\",\"@id\":\"https:\/\/palomaperezviola.com\/de\/#website\",\"url\":\"https:\/\/palomaperezviola.com\/de\/\",\"name\":\"Paloma P\\u00e9rez Deutschland\",\"description\":\"Web de Paloma P\\u00e9rez L\\u00f3pez\",\"potentialAction\":[{\"@type\":\"SearchAction\",\"target\":\"https:\/\/palomaperezviola.com\/de\/?s={search_term_string}\",\"query-input\":\"required name=search_term_string\"}],\"inLanguage\":\"es\"},{\"@type\":\"WebPage\",\"@id\":\"https:\/\/palomaperezviola.com\/de\/videos\/#webpage\",\"url\":\"https:\/\/palomaperezviola.com\/de\/videos\/\",\"name\":\"Videos - Paloma P\\u00e9rez Deutschland\",\"isPartOf\":{\"@id\":\"https:\/\/palomaperezviola.com\/de\/#website\"},\"datePublished\":\"2021-06-09T11:35:29+00:00\",\"dateModified\":\"2021-06-10T11:02:15+00:00\",\"breadcrumb\":{\"@id\":\"https:\/\/palomaperezviola.com\/de\/videos\/#breadcrumb\"},\"inLanguage\":\"es\",\"potentialAction\":[{\"@type\":\"ReadAction\",\"target\":[\"https:\/\/palomaperezviola.com\/de\/videos\/\"]}]},{\"@type\":\"BreadcrumbList\",\"@id\":\"https:\/\/palomaperezviola.com\/de\/videos\/#breadcrumb\",\"itemListElement\":[{\"@type\":\"ListItem\",\"position\":1,\"item\":{\"@type\":\"WebPage\",\"@id\":\"https:\/\/palomaperezviola.com\/de\/\",\"url\":\"https:\/\/palomaperezviola.com\/de\/\",\"name\":\"Portada\"}},{\"@type\":\"ListItem\",\"position\":2,\"item\":{\"@id\":\"https:\/\/palomaperezviola.com\/de\/videos\/#webpage\"}}]}]}<\/script>\n<!-- \/ Yoast SEO plugin. -->","_links":{"self":[{"href":"https:\/\/palomaperezviola.com\/de\/wp-json\/wp\/v2\/pages\/98","targetHints":{"allow":["GET"]}}],"collection":[{"href":"https:\/\/palomaperezviola.com\/de\/wp-json\/wp\/v2\/pages"}],"about":[{"href":"https:\/\/palomaperezviola.com\/de\/wp-json\/wp\/v2\/types\/page"}],"author":[{"embeddable":true,"href":"https:\/\/palomaperezviola.com\/de\/wp-json\/wp\/v2\/users\/1"}],"replies":[{"embeddable":true,"href":"https:\/\/palomaperezviola.com\/de\/wp-json\/wp\/v2\/comments?post=98"}],"version-history":[{"count":8,"href":"https:\/\/palomaperezviola.com\/de\/wp-json\/wp\/v2\/pages\/98\/revisions"}],"predecessor-version":[{"id":203,"href":"https:\/\/palomaperezviola.com\/de\/wp-json\/wp\/v2\/pages\/98\/revisions\/203"}],"wp:attachment":[{"href":"https:\/\/palomaperezviola.com\/de\/wp-json\/wp\/v2\/media?parent=98"}],"curies":[{"name":"wp","href":"https:\/\/api.w.org\/{rel}","templated":true}]}}