{"id":96,"date":"2021-06-09T11:34:41","date_gmt":"2021-06-09T11:34:41","guid":{"rendered":"https:\/\/palomaperezviola.com\/de\/?page_id=96"},"modified":"2021-06-10T11:02:53","modified_gmt":"2021-06-10T11:02:53","slug":"unterrichten","status":"publish","type":"page","link":"https:\/\/palomaperezviola.com\/de\/unterrichten\/","title":{"rendered":"Unterrichten"},"content":{"rendered":"<p>Ihre Lehrt\u00e4tigkeit begann mit Einzel- und Kammermusik-Meisterkursen in Linz, \u00d6sterreich.<\/p>\n<p>Sp\u00e4ter, in Spanien, unterrichtete sie an Konservatorien in Kantabrien, Murcia, Andalusien und Valencia, einschlie\u00dflich des Professionellen Konservatoriums f\u00fcr Musik in Valencia.<\/p>\n<p>Sie hat in verschiedenen Jugendorchestern in Spanien als Gastlehrerin Meisterkurse unterrichtet, sowohl individuell als auch sektionsweise.<\/p>\n<p>Dar\u00fcber hinaus bildet sie sich in Zusammenarbeit mit verschiedenen europ\u00e4ischen und amerikanischen Universit\u00e4ten und Konservatorien in verschiedenen Bereichen der Forschung und Musikvermittlung weiter.<\/p>\n<p>&nbsp;<\/p>\n<p>&nbsp;<\/p>\n<p>&nbsp;<\/p>\n","protected":false},"excerpt":{"rendered":"<p>Ihre Lehrt\u00e4tigkeit begann mit Einzel- und Kammermusik-Meisterkursen in Linz, \u00d6sterreich. Sp\u00e4ter, in Spanien, unterrichtete sie an Konservatorien in Kantabrien, Murcia, Andalusien und Valencia, einschlie\u00dflich des Professionellen Konservatoriums f\u00fcr Musik in Valencia. Sie hat in verschiedenen Jugendorchestern in Spanien als Gastlehrerin &hellip; <a href=\"https:\/\/palomaperezviola.com\/de\/unterrichten\/\">Continuar<\/a><\/p>\n","protected":false},"author":1,"featured_media":0,"parent":0,"menu_order":0,"comment_status":"closed","ping_status":"closed","template":"","meta":{"footnotes":""},"class_list":["post-96","page","type-page","status-publish","hentry"],"yoast_head":"<!-- This site is optimized with the Yoast SEO plugin v16.4 - https:\/\/yoast.com\/wordpress\/plugins\/seo\/ -->\n<title>Unterrichten - Paloma P\u00e9rez Deutschland<\/title>\n<meta name=\"robots\" content=\"index, follow, max-snippet:-1, max-image-preview:large, max-video-preview:-1\" \/>\n<link rel=\"canonical\" href=\"https:\/\/palomaperezviola.com\/de\/unterrichten\/\" \/>\n<meta property=\"og:locale\" content=\"es_ES\" \/>\n<meta property=\"og:type\" content=\"article\" \/>\n<meta property=\"og:title\" content=\"Unterrichten - Paloma P\u00e9rez Deutschland\" \/>\n<meta property=\"og:description\" content=\"Ihre Lehrt\u00e4tigkeit begann mit Einzel- und Kammermusik-Meisterkursen in Linz, \u00d6sterreich. Sp\u00e4ter, in Spanien, unterrichtete sie an Konservatorien in Kantabrien, Murcia, Andalusien und Valencia, einschlie\u00dflich des Professionellen Konservatoriums f\u00fcr Musik in Valencia. Sie hat in verschiedenen Jugendorchestern in Spanien als Gastlehrerin &hellip; Continuar\" \/>\n<meta property=\"og:url\" content=\"https:\/\/palomaperezviola.com\/de\/unterrichten\/\" \/>\n<meta property=\"og:site_name\" content=\"Paloma P\u00e9rez Deutschland\" \/>\n<meta property=\"article:modified_time\" content=\"2021-06-10T11:02:53+00:00\" \/>\n<meta name=\"twitter:card\" content=\"summary_large_image\" \/>\n<script type=\"application\/ld+json\" class=\"yoast-schema-graph\">{\"@context\":\"https:\/\/schema.org\",\"@graph\":[{\"@type\":\"WebSite\",\"@id\":\"https:\/\/palomaperezviola.com\/de\/#website\",\"url\":\"https:\/\/palomaperezviola.com\/de\/\",\"name\":\"Paloma P\\u00e9rez Deutschland\",\"description\":\"Web de Paloma P\\u00e9rez L\\u00f3pez\",\"potentialAction\":[{\"@type\":\"SearchAction\",\"target\":\"https:\/\/palomaperezviola.com\/de\/?s={search_term_string}\",\"query-input\":\"required name=search_term_string\"}],\"inLanguage\":\"es\"},{\"@type\":\"WebPage\",\"@id\":\"https:\/\/palomaperezviola.com\/de\/unterrichten\/#webpage\",\"url\":\"https:\/\/palomaperezviola.com\/de\/unterrichten\/\",\"name\":\"Unterrichten - Paloma P\\u00e9rez Deutschland\",\"isPartOf\":{\"@id\":\"https:\/\/palomaperezviola.com\/de\/#website\"},\"datePublished\":\"2021-06-09T11:34:41+00:00\",\"dateModified\":\"2021-06-10T11:02:53+00:00\",\"breadcrumb\":{\"@id\":\"https:\/\/palomaperezviola.com\/de\/unterrichten\/#breadcrumb\"},\"inLanguage\":\"es\",\"potentialAction\":[{\"@type\":\"ReadAction\",\"target\":[\"https:\/\/palomaperezviola.com\/de\/unterrichten\/\"]}]},{\"@type\":\"BreadcrumbList\",\"@id\":\"https:\/\/palomaperezviola.com\/de\/unterrichten\/#breadcrumb\",\"itemListElement\":[{\"@type\":\"ListItem\",\"position\":1,\"item\":{\"@type\":\"WebPage\",\"@id\":\"https:\/\/palomaperezviola.com\/de\/\",\"url\":\"https:\/\/palomaperezviola.com\/de\/\",\"name\":\"Portada\"}},{\"@type\":\"ListItem\",\"position\":2,\"item\":{\"@id\":\"https:\/\/palomaperezviola.com\/de\/unterrichten\/#webpage\"}}]}]}<\/script>\n<!-- \/ Yoast SEO plugin. -->","_links":{"self":[{"href":"https:\/\/palomaperezviola.com\/de\/wp-json\/wp\/v2\/pages\/96","targetHints":{"allow":["GET"]}}],"collection":[{"href":"https:\/\/palomaperezviola.com\/de\/wp-json\/wp\/v2\/pages"}],"about":[{"href":"https:\/\/palomaperezviola.com\/de\/wp-json\/wp\/v2\/types\/page"}],"author":[{"embeddable":true,"href":"https:\/\/palomaperezviola.com\/de\/wp-json\/wp\/v2\/users\/1"}],"replies":[{"embeddable":true,"href":"https:\/\/palomaperezviola.com\/de\/wp-json\/wp\/v2\/comments?post=96"}],"version-history":[{"count":4,"href":"https:\/\/palomaperezviola.com\/de\/wp-json\/wp\/v2\/pages\/96\/revisions"}],"predecessor-version":[{"id":204,"href":"https:\/\/palomaperezviola.com\/de\/wp-json\/wp\/v2\/pages\/96\/revisions\/204"}],"wp:attachment":[{"href":"https:\/\/palomaperezviola.com\/de\/wp-json\/wp\/v2\/media?parent=96"}],"curies":[{"name":"wp","href":"https:\/\/api.w.org\/{rel}","templated":true}]}}