{"id":125,"date":"2021-06-09T19:42:40","date_gmt":"2021-06-09T19:42:40","guid":{"rendered":"https:\/\/palomaperezviola.com\/de\/?page_id=125"},"modified":"2021-06-10T10:58:51","modified_gmt":"2021-06-10T10:58:51","slug":"biografia","status":"publish","type":"page","link":"https:\/\/palomaperezviola.com\/de\/","title":{"rendered":"Biografie"},"content":{"rendered":"<p>Paloma P\u00e9rez L\u00f3pez,<\/p>\n<p>Spezialistin f\u00fcr Bratsche, Barockbratsche und Viola da Gamba.<\/p>\n<p>&nbsp;<\/p>\n<p>Sie beginnt ihr Studium bei Antonio Clares in Murcia, Spanien, wo sie in ihren letzten Kursen Auszeichnungen und Abschlusspreise erh\u00e4lt. Sie zog nach Sevilla, wo sie ihre Studien bei Ventura Rico als Viola da Gamba-Spielerin fortsetzte. In diesen Jahren verbindet sie ihre Ausbildung mit st\u00e4ndigen Reisen nach Deutschland und \u00d6sterreich und erh\u00e4lt Meisterkurse u.a. bei Veronika Hagen, Dorle Sommer; Chamber Orchestra of Europe und Giuseppe Russo Rossi; Teatro alla Scala, Mailand.<\/p>\n<p>&nbsp;<\/p>\n<p>Sp\u00e4ter studierte sie in Moskau bei Igor Boguslavsky und Alexander Bobrovsky am P. I. Tchaikovsky-Konservatorium, wo sie auch Meisterkurse bei Yuri Bashmet und in Kammermusik bei Vladimir Yurigin-Klevk erhielt.<\/p>\n<p>&nbsp;<\/p>\n<p>Sie gab Konzerte als Solist in Spanien, im Rahmen des <em>I Festival de J\u00f3venes Orquestas, Navarra, <\/em>und au\u00dferhalb Spaniens, mit verschiedenen internationalen Orchestern in Europa und Russland. Sie spielte in renommierten Konzerts\u00e4len wie der Berliner Philharmonie, dem Wiener Musikverein, oder der Alice Tully Hall &#8211; Lincoln Center, New York, unter anderem.<\/p>\n<p>Nach diesen Jahren lie\u00df sie sich in Salzburg nieder, wo sie am Mozarteum Bratsche studierte und von Thomas Riebl, Milan Radic und Peter Langgartner unterrichtet wurde. In dieser Zeit nahm sie an verschiedenen Konzerten sowie an der Mozartwoche teil.<\/p>\n<p>&nbsp;<\/p>\n<p>Sp\u00e4ter zog sie nach Wien, wo sie mit der Viola da Gamba am Konservatorium Wien Privatuniversit\u00e4t aufgenommen wurde. Dort studierte sie bei Professor Pierre Pitzl. W\u00e4hrend dieser Jahre in Wien konzertierte sie mit der Viola da Gamba in renommierten S\u00e4len, wie dem Wiener Musikverein oder dem ber\u00fchmten MuseumsQuartier im Herzen Wiens.<\/p>\n<p>Sie arbeitete unter anderem mit Virginia Mart\u00ednez, Ignacio Garc\u00eda-Vidal, Anatoly Levin, Michael Thomas und Daniel Barenboim.<\/p>\n<p>Heute arbeitet sie regelm\u00e4\u00dfig mit verschiedenen nationalen und internationalen Orchestern, sowie mit verschiedenen Gruppen und Ensembles, die sich auf Alte-, Renaissance- und Barockmusik spezialisiert haben.<\/p>\n","protected":false},"excerpt":{"rendered":"<p>Paloma P\u00e9rez L\u00f3pez, Spezialistin f\u00fcr Bratsche, Barockbratsche und Viola da Gamba. &nbsp; Sie beginnt ihr Studium bei Antonio Clares in Murcia, Spanien, wo sie in ihren letzten Kursen Auszeichnungen und Abschlusspreise erh\u00e4lt. Sie zog nach Sevilla, wo sie ihre Studien &hellip; <a href=\"https:\/\/palomaperezviola.com\/de\/\">Continuar<\/a><\/p>\n","protected":false},"author":1,"featured_media":0,"parent":0,"menu_order":0,"comment_status":"closed","ping_status":"closed","template":"","meta":{"footnotes":""},"class_list":["post-125","page","type-page","status-publish","hentry"],"yoast_head":"<!-- This site is optimized with the Yoast SEO plugin v16.4 - https:\/\/yoast.com\/wordpress\/plugins\/seo\/ -->\n<title>Biografie - Paloma P\u00e9rez Deutschland<\/title>\n<meta name=\"robots\" content=\"index, follow, max-snippet:-1, max-image-preview:large, max-video-preview:-1\" \/>\n<link rel=\"canonical\" href=\"https:\/\/palomaperezviola.com\/de\/\" \/>\n<meta property=\"og:locale\" content=\"es_ES\" \/>\n<meta property=\"og:type\" content=\"article\" \/>\n<meta property=\"og:title\" content=\"Biografie - Paloma P\u00e9rez Deutschland\" \/>\n<meta property=\"og:description\" content=\"Paloma P\u00e9rez L\u00f3pez, Spezialistin f\u00fcr Bratsche, Barockbratsche und Viola da Gamba. &nbsp; Sie beginnt ihr Studium bei Antonio Clares in Murcia, Spanien, wo sie in ihren letzten Kursen Auszeichnungen und Abschlusspreise erh\u00e4lt. Sie zog nach Sevilla, wo sie ihre Studien &hellip; Continuar\" \/>\n<meta property=\"og:url\" content=\"https:\/\/palomaperezviola.com\/de\/\" \/>\n<meta property=\"og:site_name\" content=\"Paloma P\u00e9rez Deutschland\" \/>\n<meta property=\"article:modified_time\" content=\"2021-06-10T10:58:51+00:00\" \/>\n<meta name=\"twitter:card\" content=\"summary_large_image\" \/>\n<meta name=\"twitter:label1\" content=\"Tiempo de lectura\" \/>\n\t<meta name=\"twitter:data1\" content=\"2 minutos\" \/>\n<script type=\"application\/ld+json\" class=\"yoast-schema-graph\">{\"@context\":\"https:\/\/schema.org\",\"@graph\":[{\"@type\":\"WebSite\",\"@id\":\"https:\/\/palomaperezviola.com\/de\/#website\",\"url\":\"https:\/\/palomaperezviola.com\/de\/\",\"name\":\"Paloma P\\u00e9rez Deutschland\",\"description\":\"Web de Paloma P\\u00e9rez L\\u00f3pez\",\"potentialAction\":[{\"@type\":\"SearchAction\",\"target\":\"https:\/\/palomaperezviola.com\/de\/?s={search_term_string}\",\"query-input\":\"required name=search_term_string\"}],\"inLanguage\":\"es\"},{\"@type\":\"WebPage\",\"@id\":\"https:\/\/palomaperezviola.com\/de\/#webpage\",\"url\":\"https:\/\/palomaperezviola.com\/de\/\",\"name\":\"Biografie - Paloma P\\u00e9rez Deutschland\",\"isPartOf\":{\"@id\":\"https:\/\/palomaperezviola.com\/de\/#website\"},\"datePublished\":\"2021-06-09T19:42:40+00:00\",\"dateModified\":\"2021-06-10T10:58:51+00:00\",\"breadcrumb\":{\"@id\":\"https:\/\/palomaperezviola.com\/de\/#breadcrumb\"},\"inLanguage\":\"es\",\"potentialAction\":[{\"@type\":\"ReadAction\",\"target\":[\"https:\/\/palomaperezviola.com\/de\/\"]}]},{\"@type\":\"BreadcrumbList\",\"@id\":\"https:\/\/palomaperezviola.com\/de\/#breadcrumb\",\"itemListElement\":[{\"@type\":\"ListItem\",\"position\":1,\"item\":{\"@type\":\"WebPage\",\"@id\":\"https:\/\/palomaperezviola.com\/de\/\",\"url\":\"https:\/\/palomaperezviola.com\/de\/\",\"name\":\"Portada\"}},{\"@type\":\"ListItem\",\"position\":2,\"item\":{\"@id\":\"https:\/\/palomaperezviola.com\/de\/#webpage\"}}]}]}<\/script>\n<!-- \/ Yoast SEO plugin. -->","_links":{"self":[{"href":"https:\/\/palomaperezviola.com\/de\/wp-json\/wp\/v2\/pages\/125","targetHints":{"allow":["GET"]}}],"collection":[{"href":"https:\/\/palomaperezviola.com\/de\/wp-json\/wp\/v2\/pages"}],"about":[{"href":"https:\/\/palomaperezviola.com\/de\/wp-json\/wp\/v2\/types\/page"}],"author":[{"embeddable":true,"href":"https:\/\/palomaperezviola.com\/de\/wp-json\/wp\/v2\/users\/1"}],"replies":[{"embeddable":true,"href":"https:\/\/palomaperezviola.com\/de\/wp-json\/wp\/v2\/comments?post=125"}],"version-history":[{"count":3,"href":"https:\/\/palomaperezviola.com\/de\/wp-json\/wp\/v2\/pages\/125\/revisions"}],"predecessor-version":[{"id":199,"href":"https:\/\/palomaperezviola.com\/de\/wp-json\/wp\/v2\/pages\/125\/revisions\/199"}],"wp:attachment":[{"href":"https:\/\/palomaperezviola.com\/de\/wp-json\/wp\/v2\/media?parent=125"}],"curies":[{"name":"wp","href":"https:\/\/api.w.org\/{rel}","templated":true}]}}